{"id":101,"date":"2025-09-04T17:20:08","date_gmt":"2025-09-04T17:20:08","guid":{"rendered":"https:\/\/www.sitehousehost.com.br\/sh\/?page_id=101"},"modified":"2025-09-10T16:26:14","modified_gmt":"2025-09-10T16:26:14","slug":"trabalhos","status":"publish","type":"page","link":"https:\/\/www.sitehousehost.com.br\/sh\/trabalhos\/","title":{"rendered":"Trabalhos"},"content":{"rendered":"\t\t<div data-elementor-type=\"wp-page\" data-elementor-id=\"101\" class=\"elementor elementor-101\" data-elementor-settings=\"{&quot;ha_cmc_init_switcher&quot;:&quot;no&quot;}\" data-elementor-post-type=\"page\">\n\t\t\t\t<div class=\"elementor-element elementor-element-1026b259 e-flex e-con-boxed e-con e-parent\" data-id=\"1026b259\" data-element_type=\"container\" data-settings=\"{&quot;background_background&quot;:&quot;classic&quot;,&quot;_ha_eqh_enable&quot;:false}\">\n\t\t\t\t\t<div class=\"e-con-inner\">\n\t\t\t\t<div class=\"elementor-element elementor-element-3fb6621d elementor-widget elementor-widget-text-editor\" data-id=\"3fb6621d\" data-element_type=\"widget\" data-widget_type=\"text-editor.default\">\n\t\t\t\t\t\t\t\t\t<p>RESULTADOS QUE FALAM POR SI<\/p>\t\t\t\t\t\t\t\t<\/div>\n\t\t\t\t<div class=\"elementor-element elementor-element-392a530a elementor-widget elementor-widget-heading\" data-id=\"392a530a\" data-element_type=\"widget\" data-widget_type=\"heading.default\">\n\t\t\t\t\t<h2 class=\"elementor-heading-title elementor-size-default\">Constru\u00e7\u00e3o de sites recentes<\/h2>\t\t\t\t<\/div>\n\t\t\t\t\t<\/div>\n\t\t\t\t<\/div>\n\t\t<div class=\"elementor-element elementor-element-db002d5 e-flex e-con-boxed e-con e-parent\" data-id=\"db002d5\" data-element_type=\"container\" data-settings=\"{&quot;_ha_eqh_enable&quot;:false}\">\n\t\t\t\t\t<div class=\"e-con-inner\">\n\t\t\t\t<div class=\"elementor-element elementor-element-202e377 elementor-widget elementor-widget-text-editor\" data-id=\"202e377\" data-element_type=\"widget\" data-widget_type=\"text-editor.default\">\n\t\t\t\t\t\t\t\t\t<p>Ao longo da nossa trajet\u00f3ria, desenvolvemos sites, lojas virtuais, logotipos e projetos digitais para empresas de diversos segmentos.<br \/><br \/>Sites responsivos e otimizados para SEO<br \/>Identidades visuais marcantes<br \/>Marcas mais fortes e competitivas no digita<\/p><p><strong data-start=\"3384\" data-end=\"3411\">Confira nosso portf\u00f3lio<\/strong> e veja como podemos transformar a sua ideia em realidade.<\/p><p>\u00a0<\/p>\t\t\t\t\t\t\t\t<\/div>\n\t\t\t\t\t<\/div>\n\t\t\t\t<\/div>\n\t\t<div class=\"elementor-element elementor-element-e6c3b40 e-flex e-con-boxed e-con e-parent\" data-id=\"e6c3b40\" data-element_type=\"container\" data-settings=\"{&quot;_ha_eqh_enable&quot;:false}\">\n\t\t\t\t\t<div class=\"e-con-inner\">\n\t\t\t\t\t<\/div>\n\t\t\t\t<\/div>\n\t\t<div class=\"elementor-element elementor-element-7b18201 e-flex e-con-boxed e-con e-parent\" data-id=\"7b18201\" data-element_type=\"container\" data-settings=\"{&quot;_ha_eqh_enable&quot;:false}\">\n\t\t\t\t\t<div class=\"e-con-inner\">\n\t\t\t\t<div class=\"elementor-element elementor-element-9524031 elementor-widget elementor-widget-ha-text-scroll happy-addon ha-text-scroll\" data-id=\"9524031\" data-element_type=\"widget\" data-settings=\"{&quot;text_scroll_type&quot;:&quot;vertical_line_highlight&quot;,&quot;text_scroll_highlight_opacity&quot;:{&quot;unit&quot;:&quot;px&quot;,&quot;size&quot;:0.200000000000000011102230246251565404236316680908203125,&quot;sizes&quot;:[]}}\" data-widget_type=\"ha-text-scroll.default\">\n\t\t\t\t\t\n\t\t<div class=\"ha-split-lines\">\n\t\t\tLorem ipsum dolor sit amet consectetur adipiscing elit. Maecenas in erat non urna placerat consectetur. Curabitur rhoncus iaculis tincidunt. Fusce vel lectus consequat nisl posuere pellentesque vel et metus. Nam egestas sodales semet mattis.\t\t<\/div>\n\n\t\t\t\t\t\t<\/div>\n\t\t\t\t<div class=\"elementor-element elementor-element-e3b83e5 elementor-widget elementor-widget-text-editor\" data-id=\"e3b83e5\" data-element_type=\"widget\" data-widget_type=\"text-editor.default\">\n\t\t\t\t\t\t\t\t\t<p>Lorem ipsum dolor sit amet, consectetur adipiscing elit. Ut elit tellus, luctus nec ullamcorper mattis, pulvinar dapibus leoLorem ipsum dolor sit amet, consectetur adipiscing elit. Ut elit tellus, luctus nec ullamcorper mattis, pulvinar dapibus leo.<\/p><p>\u00a0<\/p>\t\t\t\t\t\t\t\t<\/div>\n\t\t\t\t\t<\/div>\n\t\t\t\t<\/div>\n\t\t\t\t<\/div>\n\t\t","protected":false},"excerpt":{"rendered":"<p>RESULTADOS QUE FALAM POR SI Constru\u00e7\u00e3o de sites recentes Ao longo da nossa trajet\u00f3ria, desenvolvemos sites, lojas virtuais, logotipos e projetos digitais para empresas de diversos segmentos. Sites responsivos e otimizados para SEOIdentidades visuais marcantesMarcas mais fortes e competitivas no digita Confira nosso portf\u00f3lio e veja como podemos transformar a sua ideia em realidade. \u00a0 [&hellip;]<\/p>\n","protected":false},"author":1,"featured_media":0,"parent":0,"menu_order":0,"comment_status":"closed","ping_status":"closed","template":"elementor_header_footer","meta":{"inline_featured_image":false,"footnotes":""},"class_list":["post-101","page","type-page","status-publish","hentry"],"_links":{"self":[{"href":"https:\/\/www.sitehousehost.com.br\/sh\/wp-json\/wp\/v2\/pages\/101","targetHints":{"allow":["GET"]}}],"collection":[{"href":"https:\/\/www.sitehousehost.com.br\/sh\/wp-json\/wp\/v2\/pages"}],"about":[{"href":"https:\/\/www.sitehousehost.com.br\/sh\/wp-json\/wp\/v2\/types\/page"}],"author":[{"embeddable":true,"href":"https:\/\/www.sitehousehost.com.br\/sh\/wp-json\/wp\/v2\/users\/1"}],"replies":[{"embeddable":true,"href":"https:\/\/www.sitehousehost.com.br\/sh\/wp-json\/wp\/v2\/comments?post=101"}],"version-history":[{"count":28,"href":"https:\/\/www.sitehousehost.com.br\/sh\/wp-json\/wp\/v2\/pages\/101\/revisions"}],"predecessor-version":[{"id":177,"href":"https:\/\/www.sitehousehost.com.br\/sh\/wp-json\/wp\/v2\/pages\/101\/revisions\/177"}],"wp:attachment":[{"href":"https:\/\/www.sitehousehost.com.br\/sh\/wp-json\/wp\/v2\/media?parent=101"}],"curies":[{"name":"wp","href":"https:\/\/api.w.org\/{rel}","templated":true}]}}