{"id":23,"date":"2025-08-11T15:14:05","date_gmt":"2025-08-11T15:14:05","guid":{"rendered":"https:\/\/www.sitehousehost.com.br\/sh\/?page_id=23"},"modified":"2025-09-15T17:13:34","modified_gmt":"2025-09-15T17:13:34","slug":"sobre-nos","status":"publish","type":"page","link":"https:\/\/www.sitehousehost.com.br\/sh\/sobre-nos\/","title":{"rendered":"Sobre N\u00f3s"},"content":{"rendered":"\t\t<div data-elementor-type=\"wp-page\" data-elementor-id=\"23\" class=\"elementor elementor-23\" data-elementor-settings=\"{&quot;ha_cmc_init_switcher&quot;:&quot;no&quot;}\" data-elementor-post-type=\"page\">\n\t\t\t\t<div class=\"elementor-element elementor-element-a36c609 e-flex e-con-boxed e-con e-parent\" data-id=\"a36c609\" data-element_type=\"container\" data-settings=\"{&quot;background_background&quot;:&quot;gradient&quot;,&quot;_ha_eqh_enable&quot;:false}\">\n\t\t\t\t\t<div class=\"e-con-inner\">\n\t\t\t\t<div class=\"elementor-element elementor-element-92de004 elementor-widget elementor-widget-text-editor\" data-id=\"92de004\" data-element_type=\"widget\" data-widget_type=\"text-editor.default\">\n\t\t\t\t\t\t\t\t\t<p>Criamos experi\u00eancias digitais modernas, responsivas e que ajudam a sua marca a crescer online.<\/p>\t\t\t\t\t\t\t\t<\/div>\n\t\t\t\t<div class=\"elementor-element elementor-element-2f1f4d7 elementor-widget elementor-widget-heading\" data-id=\"2f1f4d7\" data-element_type=\"widget\" data-widget_type=\"heading.default\">\n\t\t\t\t\t<h2 class=\"elementor-heading-title elementor-size-default\">Desde 2003, transformando ideias em sites que vendem<\/h2>\t\t\t\t<\/div>\n\t\t\t\t\t<\/div>\n\t\t\t\t<\/div>\n\t\t<div class=\"elementor-element elementor-element-ae922e6 e-flex e-con-boxed e-con e-parent\" data-id=\"ae922e6\" data-element_type=\"container\" data-settings=\"{&quot;_ha_eqh_enable&quot;:false}\">\n\t\t\t\t\t<div class=\"e-con-inner\">\n\t\t<div class=\"elementor-element elementor-element-96dfc26 e-con-full e-flex e-con e-child\" data-id=\"96dfc26\" data-element_type=\"container\" data-settings=\"{&quot;_ha_eqh_enable&quot;:false}\">\n\t\t\t\t<div class=\"elementor-element elementor-element-35d072a elementor-widget elementor-widget-image\" data-id=\"35d072a\" data-element_type=\"widget\" data-widget_type=\"image.default\">\n\t\t\t\t\t\t\t\t\t\t\t\t\t\t\t<img fetchpriority=\"high\" decoding=\"async\" width=\"800\" height=\"800\" src=\"https:\/\/www.sitehousehost.com.br\/sh\/wp-content\/uploads\/2025\/08\/162140823_435928361028866_4741351907575033450_n-6-1024x1024.jpg\" class=\"attachment-large size-large wp-image-72\" alt=\"\" srcset=\"https:\/\/www.sitehousehost.com.br\/sh\/wp-content\/uploads\/2025\/08\/162140823_435928361028866_4741351907575033450_n-6-1024x1024.jpg 1024w, https:\/\/www.sitehousehost.com.br\/sh\/wp-content\/uploads\/2025\/08\/162140823_435928361028866_4741351907575033450_n-6-300x300.jpg 300w, https:\/\/www.sitehousehost.com.br\/sh\/wp-content\/uploads\/2025\/08\/162140823_435928361028866_4741351907575033450_n-6-150x150.jpg 150w, https:\/\/www.sitehousehost.com.br\/sh\/wp-content\/uploads\/2025\/08\/162140823_435928361028866_4741351907575033450_n-6-768x768.jpg 768w, https:\/\/www.sitehousehost.com.br\/sh\/wp-content\/uploads\/2025\/08\/162140823_435928361028866_4741351907575033450_n-6.jpg 1080w\" sizes=\"(max-width: 800px) 100vw, 800px\" \/>\t\t\t\t\t\t\t\t\t\t\t\t\t\t\t<\/div>\n\t\t\t\t<\/div>\n\t\t<div class=\"elementor-element elementor-element-63b5a39 e-con-full e-flex e-con e-child\" data-id=\"63b5a39\" data-element_type=\"container\" data-settings=\"{&quot;_ha_eqh_enable&quot;:false}\">\n\t\t\t\t<div class=\"elementor-element elementor-element-8aa9f74 elementor-widget elementor-widget-text-editor\" data-id=\"8aa9f74\" data-element_type=\"widget\" data-widget_type=\"text-editor.default\">\n\t\t\t\t\t\t\t\t\t<p>Quem Somos<\/p>\t\t\t\t\t\t\t\t<\/div>\n\t\t\t\t<div class=\"elementor-element elementor-element-803b07f elementor-widget elementor-widget-heading\" data-id=\"803b07f\" data-element_type=\"widget\" data-widget_type=\"heading.default\">\n\t\t\t\t\t<h2 class=\"elementor-heading-title elementor-size-default\">Quem \u00e9 a Site House?<\/h2>\t\t\t\t<\/div>\n\t\t\t\t<div class=\"elementor-element elementor-element-4ce5717 elementor-widget__width-inherit elementor-widget elementor-widget-text-editor\" data-id=\"4ce5717\" data-element_type=\"widget\" data-widget_type=\"text-editor.default\">\n\t\t\t\t\t\t\t\t\t<p>Fundada em 2003, a <strong>Site House<\/strong> nasceu com o objetivo de tornar o design web mais acess\u00edvel, eficaz e centrado no utilizador. <br \/><br \/>Ao longo de duas d\u00e9cadas, acompanh\u00e1mos as transforma\u00e7\u00f5es digitais e ajudamos empresas de diferentes \u00e1reas a marcar presen\u00e7a on-line com sites <strong>r\u00e1pidos<\/strong>,<strong> funcionais<\/strong> e <strong>bonitos<\/strong>.<\/p><p>Acreditamos que um bom site n\u00e3o \u00e9 apenas est\u00e9tica: \u00e9 tamb\u00e9m <strong>estrat\u00e9gia<\/strong>, <strong>tecnologia<\/strong> e <strong>resultados<\/strong>.<\/p>\t\t\t\t\t\t\t\t<\/div>\n\t\t\t\t<\/div>\n\t\t\t\t\t<\/div>\n\t\t\t\t<\/div>\n\t\t<div class=\"elementor-element elementor-element-90891df e-flex e-con-boxed e-con e-parent\" data-id=\"90891df\" data-element_type=\"container\" data-settings=\"{&quot;_ha_eqh_enable&quot;:false}\">\n\t\t\t\t\t<div class=\"e-con-inner\">\n\t\t\t\t<div class=\"elementor-element elementor-element-ffd197c elementor-widget elementor-widget-text-editor\" data-id=\"ffd197c\" data-element_type=\"widget\" data-widget_type=\"text-editor.default\">\n\t\t\t\t\t\t\t\t\t<h2 data-start=\"238\" data-end=\"268\"><strong data-start=\"241\" data-end=\"266\">Hero (topo da p\u00e1gina)<\/strong><\/h2><p data-start=\"269\" data-end=\"342\"><strong data-start=\"269\" data-end=\"280\">T\u00edtulo:<\/strong><br data-start=\"280\" data-end=\"283\" \/>\ud83d\udc49 <em data-start=\"286\" data-end=\"340\">Desde 2003, transformando ideias em sites que vendem<\/em><\/p><p data-start=\"344\" data-end=\"466\"><strong data-start=\"344\" data-end=\"364\">Subt\u00edtulo curto:<\/strong><br data-start=\"364\" data-end=\"367\" \/>\ud83d\udc49 Criamos experi\u00eancias digitais modernas, responsivas e que ajudam a sua marca a crescer online.<\/p><p data-start=\"468\" data-end=\"519\"><strong data-start=\"468\" data-end=\"494\">CTA principal (bot\u00e3o):<\/strong><br data-start=\"494\" data-end=\"497\" \/>\ud83d\udc49 <strong data-start=\"500\" data-end=\"517\">Fale connosco<\/strong><\/p><hr data-start=\"521\" data-end=\"524\" \/><p data-start=\"915\" data-end=\"1017\">\u00a0<\/p><hr data-start=\"1019\" data-end=\"1022\" \/><h2 data-start=\"1024\" data-end=\"1056\"><strong data-start=\"1027\" data-end=\"1054\">Se\u00e7\u00e3o 2 \u2013 O que fazemos<\/strong><\/h2><p data-start=\"1057\" data-end=\"1125\"><strong data-start=\"1057\" data-end=\"1068\">T\u00edtulo:<\/strong><br data-start=\"1068\" data-end=\"1071\" \/>\ud83d\udc49 Criamos solu\u00e7\u00f5es digitais \u00e0 medida do seu neg\u00f3cio<\/p><p data-start=\"1127\" data-end=\"1220\"><strong data-start=\"1127\" data-end=\"1137\">Texto:<\/strong><br data-start=\"1137\" data-end=\"1140\" \/>Especializamo-nos em <strong data-start=\"1161\" data-end=\"1204\">web design e desenvolvimento responsivo<\/strong>, com foco em:<\/p><ul data-start=\"1221\" data-end=\"1535\"><li data-start=\"1221\" data-end=\"1296\"><p data-start=\"1223\" data-end=\"1296\"><strong data-start=\"1223\" data-end=\"1253\">Design moderno e intuitivo<\/strong>, que valoriza a identidade da sua marca.<\/p><\/li><li data-start=\"1297\" data-end=\"1372\"><p data-start=\"1299\" data-end=\"1372\"><strong data-start=\"1299\" data-end=\"1330\">Sites r\u00e1pidos e responsivos<\/strong>, que funcionam em qualquer dispositivo.<\/p><\/li><li data-start=\"1373\" data-end=\"1454\"><p data-start=\"1375\" data-end=\"1454\"><strong data-start=\"1375\" data-end=\"1409\">Experi\u00eancia do utilizador (UX)<\/strong>, para que cada visitante se torne cliente.<\/p><\/li><li data-start=\"1455\" data-end=\"1535\"><p data-start=\"1457\" data-end=\"1535\"><strong data-start=\"1457\" data-end=\"1496\">Estrat\u00e9gias digitais personalizadas<\/strong>, que ajudam o seu neg\u00f3cio a crescer.<\/p><\/li><\/ul><p data-start=\"1537\" data-end=\"1599\"><strong data-start=\"1537\" data-end=\"1564\">CTA secund\u00e1rio (bot\u00e3o):<\/strong><br data-start=\"1564\" data-end=\"1567\" \/>\ud83d\udc49 <strong data-start=\"1570\" data-end=\"1597\">Veja os nossos servi\u00e7os<\/strong><\/p><hr data-start=\"1601\" data-end=\"1604\" \/><h2 data-start=\"1606\" data-end=\"1641\"><strong data-start=\"1609\" data-end=\"1639\">Se\u00e7\u00e3o 3 \u2013 Nossa trajet\u00f3ria<\/strong><\/h2><p data-start=\"1642\" data-end=\"1701\"><strong data-start=\"1642\" data-end=\"1653\">T\u00edtulo:<\/strong><br data-start=\"1653\" data-end=\"1656\" \/>\ud83d\udc49 Mais de 20 anos a criar hist\u00f3rias online<\/p><p data-start=\"1703\" data-end=\"1910\"><strong data-start=\"1703\" data-end=\"1713\">Texto:<\/strong><br data-start=\"1713\" data-end=\"1716\" \/>Desde os primeiros sites em HTML at\u00e9 \u00e0s plataformas mais modernas de hoje, acompanh\u00e1mos a evolu\u00e7\u00e3o digital de perto. A cada projeto, aprendemos, inovamos e crescemos junto dos nossos clientes.<\/p><p data-start=\"1912\" data-end=\"2080\">O resultado? Mais de <strong data-start=\"1933\" data-end=\"1964\">duas d\u00e9cadas de experi\u00eancia<\/strong> e um portef\u00f3lio que fala por si: marcas que hoje t\u00eam mais for\u00e7a no digital gra\u00e7as \u00e0 parceria com a <strong data-start=\"2064\" data-end=\"2077\">SiteHouse<\/strong>.<\/p><hr data-start=\"2082\" data-end=\"2085\" \/><h2 data-start=\"2087\" data-end=\"2134\"><strong data-start=\"2090\" data-end=\"2132\">Se\u00e7\u00e3o 4 \u2013 Por que escolher a SiteHouse<\/strong><\/h2><p data-start=\"2135\" data-end=\"2180\"><strong data-start=\"2135\" data-end=\"2146\">T\u00edtulo:<\/strong><br data-start=\"2146\" data-end=\"2149\" \/>\ud83d\udc49 O que nos torna diferentes<\/p><p data-start=\"2182\" data-end=\"2228\"><strong data-start=\"2182\" data-end=\"2226\">Texto com bullet points curtos e fortes:<\/strong><\/p><ul data-start=\"2229\" data-end=\"2607\"><li data-start=\"2229\" data-end=\"2310\"><p data-start=\"2231\" data-end=\"2310\">\ud83d\ude80 <strong data-start=\"2234\" data-end=\"2261\">Experi\u00eancia comprovada:<\/strong> mais de 20 anos de atua\u00e7\u00e3o no mercado digital.<\/p><\/li><li data-start=\"2311\" data-end=\"2387\"><p data-start=\"2313\" data-end=\"2387\">\ud83c\udfa8 <strong data-start=\"2316\" data-end=\"2341\">Design personalizado:<\/strong> nada de modelos prontos, cada site \u00e9 \u00fanico.<\/p><\/li><li data-start=\"2388\" data-end=\"2459\"><p data-start=\"2390\" data-end=\"2459\">\u26a1 <strong data-start=\"2392\" data-end=\"2408\">Performance:<\/strong> sites r\u00e1pidos, leves e otimizados para o Google.<\/p><\/li><li data-start=\"2460\" data-end=\"2533\"><p data-start=\"2462\" data-end=\"2533\">\ud83e\udd1d <strong data-start=\"2465\" data-end=\"2492\">Acompanhamento pr\u00f3ximo:<\/strong> trabalhamos lado a lado com o cliente.<\/p><\/li><li data-start=\"2534\" data-end=\"2607\"><p data-start=\"2536\" data-end=\"2607\">\ud83d\udcc8 <strong data-start=\"2539\" data-end=\"2560\">Resultados reais:<\/strong> foco em convers\u00e3o e crescimento de neg\u00f3cios.<\/p><\/li><\/ul><p data-start=\"2609\" data-end=\"2664\"><strong data-start=\"2609\" data-end=\"2635\">CTA terci\u00e1rio (bot\u00e3o):<\/strong><br data-start=\"2635\" data-end=\"2638\" \/>\ud83d\udc49 <strong data-start=\"2641\" data-end=\"2662\">Pe\u00e7a um or\u00e7amento<\/strong><\/p><hr data-start=\"2666\" data-end=\"2669\" \/><h2 data-start=\"2671\" data-end=\"2722\"><strong data-start=\"2674\" data-end=\"2720\">Se\u00e7\u00e3o 5 \u2013 Chamada final (rodap\u00e9 da p\u00e1gina)<\/strong><\/h2><p data-start=\"2723\" data-end=\"2784\"><strong data-start=\"2723\" data-end=\"2734\">T\u00edtulo:<\/strong><br data-start=\"2734\" data-end=\"2737\" \/>\ud83d\udc49 Pronto para evoluir a sua presen\u00e7a online?<\/p><p data-start=\"2786\" data-end=\"2967\"><strong data-start=\"2786\" data-end=\"2796\">Texto:<\/strong><br data-start=\"2796\" data-end=\"2799\" \/>O seu pr\u00f3ximo cliente j\u00e1 est\u00e1 \u00e0 procura da sua empresa na internet. Vamos garantir que ele encontra um <strong data-start=\"2902\" data-end=\"2942\">site responsivo, moderno e eficiente<\/strong>, feito pela SiteHouse.<\/p><p data-start=\"2969\" data-end=\"2982\"><strong data-start=\"2969\" data-end=\"2980\">Bot\u00f5es:<\/strong><\/p><ul data-start=\"2983\" data-end=\"3040\"><li data-start=\"2983\" data-end=\"3018\"><p data-start=\"2985\" data-end=\"3018\"><strong data-start=\"2985\" data-end=\"3016\">Quero falar com a SiteHouse<\/strong><\/p><\/li><li data-start=\"3019\" data-end=\"3040\"><p data-start=\"3021\" data-end=\"3040\"><strong data-start=\"3021\" data-end=\"3038\">Ver portf\u00f3lio<\/strong><\/p><\/li><\/ul>\t\t\t\t\t\t\t\t<\/div>\n\t\t\t\t\t<\/div>\n\t\t\t\t<\/div>\n\t\t<div class=\"elementor-element elementor-element-ce733bd e-flex e-con-boxed e-con e-parent\" data-id=\"ce733bd\" data-element_type=\"container\" data-settings=\"{&quot;background_background&quot;:&quot;classic&quot;,&quot;_ha_eqh_enable&quot;:false}\">\n\t\t\t\t\t<div class=\"e-con-inner\">\n\t\t<div class=\"elementor-element elementor-element-e24bc5c e-con-full e-flex e-con e-child\" data-id=\"e24bc5c\" data-element_type=\"container\" data-settings=\"{&quot;_ha_eqh_enable&quot;:false}\">\n\t\t\t\t<div class=\"elementor-element elementor-element-6963a6aa elementor-widget elementor-widget-heading\" data-id=\"6963a6aa\" data-element_type=\"widget\" data-widget_type=\"heading.default\">\n\t\t\t\t\t<h2 class=\"elementor-heading-title elementor-size-default\">Let's sow the seed together &amp; witness your business flourish.<\/h2>\t\t\t\t<\/div>\n\t\t\t\t<div class=\"elementor-element elementor-element-332b8f76 elementor-tablet-align-center elementor-widget elementor-widget-button\" data-id=\"332b8f76\" data-element_type=\"widget\" data-widget_type=\"button.default\">\n\t\t\t\t\t\t\t\t\t\t<a class=\"elementor-button elementor-button-link elementor-size-sm\" href=\"#\">\n\t\t\t\t\t\t<span class=\"elementor-button-content-wrapper\">\n\t\t\t\t\t\t<span class=\"elementor-button-icon\">\n\t\t\t\t<i aria-hidden=\"true\" class=\" ti-arrow-top-right\"><\/i>\t\t\t<\/span>\n\t\t\t\t\t\t\t\t\t<span class=\"elementor-button-text\">let's talk<\/span>\n\t\t\t\t\t<\/span>\n\t\t\t\t\t<\/a>\n\t\t\t\t\t\t\t\t<\/div>\n\t\t\t\t<\/div>\n\t\t<div class=\"elementor-element elementor-element-6bf428c e-con-full e-flex e-con e-child\" data-id=\"6bf428c\" data-element_type=\"container\" data-settings=\"{&quot;_ha_eqh_enable&quot;:false}\">\n\t\t\t\t<\/div>\n\t\t\t\t\t<\/div>\n\t\t\t\t<\/div>\n\t\t<div class=\"elementor-element elementor-element-87e35b e-con-full e-flex e-con e-parent\" data-id=\"87e35b\" data-element_type=\"container\" data-settings=\"{&quot;_ha_eqh_enable&quot;:false}\">\n\t\t<div class=\"elementor-element elementor-element-b0b36a5 e-con-full e-flex e-con e-child\" data-id=\"b0b36a5\" data-element_type=\"container\" data-settings=\"{&quot;_ha_eqh_enable&quot;:false}\">\n\t\t<div class=\"elementor-element elementor-element-25d7da00 e-con-full e-flex e-con e-child\" data-id=\"25d7da00\" data-element_type=\"container\" data-settings=\"{&quot;_ha_eqh_enable&quot;:false}\">\n\t\t<div class=\"elementor-element elementor-element-6bd6ece6 e-con-full e-flex e-con e-child\" data-id=\"6bd6ece6\" data-element_type=\"container\" data-settings=\"{&quot;background_background&quot;:&quot;classic&quot;,&quot;_ha_eqh_enable&quot;:false}\">\n\t\t\t\t<div class=\"elementor-element elementor-element-1e3d930 elementor-widget elementor-widget-spacer\" data-id=\"1e3d930\" data-element_type=\"widget\" data-widget_type=\"spacer.default\">\n\t\t\t\t\t\t\t<div class=\"elementor-spacer\">\n\t\t\t<div class=\"elementor-spacer-inner\"><\/div>\n\t\t<\/div>\n\t\t\t\t\t\t<\/div>\n\t\t\t\t<\/div>\n\t\t<div class=\"elementor-element elementor-element-20a6b423 e-con-full e-flex e-con e-child\" data-id=\"20a6b423\" data-element_type=\"container\" data-settings=\"{&quot;background_background&quot;:&quot;classic&quot;,&quot;_ha_eqh_enable&quot;:false}\">\n\t\t\t\t<div class=\"elementor-element elementor-element-46465d34 elementor-widget elementor-widget-heading\" data-id=\"46465d34\" data-element_type=\"widget\" data-widget_type=\"heading.default\">\n\t\t\t\t\t<h2 class=\"elementor-heading-title elementor-size-default\">We have 100+ satisfied clients<\/h2>\t\t\t\t<\/div>\n\t\t\t\t<div class=\"elementor-element elementor-element-1ef09bff elementor-widget elementor-widget-spacer\" data-id=\"1ef09bff\" data-element_type=\"widget\" data-widget_type=\"spacer.default\">\n\t\t\t\t\t\t\t<div class=\"elementor-spacer\">\n\t\t\t<div class=\"elementor-spacer-inner\"><\/div>\n\t\t<\/div>\n\t\t\t\t\t\t<\/div>\n\t\t\t\t<div class=\"elementor-element elementor-element-4269f574 elementor-widget elementor-widget-counter\" data-id=\"4269f574\" data-element_type=\"widget\" data-widget_type=\"counter.default\">\n\t\t\t\t\t\t\t<div class=\"elementor-counter\">\n\t\t\t\t\t\t<div class=\"elementor-counter-number-wrapper\">\n\t\t\t\t<span class=\"elementor-counter-number-prefix\"><\/span>\n\t\t\t\t<span class=\"elementor-counter-number\" data-duration=\"2000\" data-to-value=\"90\" data-from-value=\"0\" data-delimiter=\",\">0<\/span>\n\t\t\t\t<span class=\"elementor-counter-number-suffix\">k<\/span>\n\t\t\t<\/div>\n\t\t<\/div>\n\t\t\t\t\t\t<\/div>\n\t\t\t\t<\/div>\n\t\t\t\t<\/div>\n\t\t<div class=\"elementor-element elementor-element-9379fae e-con-full e-flex e-con e-child\" data-id=\"9379fae\" data-element_type=\"container\" data-settings=\"{&quot;_ha_eqh_enable&quot;:false}\">\n\t\t<div class=\"elementor-element elementor-element-4dc09165 e-con-full e-flex e-con e-child\" data-id=\"4dc09165\" data-element_type=\"container\" data-settings=\"{&quot;background_background&quot;:&quot;classic&quot;,&quot;_ha_eqh_enable&quot;:false}\">\n\t\t\t\t<div class=\"elementor-element elementor-element-7eca5057 elementor-widget elementor-widget-heading\" data-id=\"7eca5057\" data-element_type=\"widget\" data-widget_type=\"heading.default\">\n\t\t\t\t\t<h2 class=\"elementor-heading-title elementor-size-default\">We helped to get companies with $35M+ funding<\/h2>\t\t\t\t<\/div>\n\t\t\t\t<div class=\"elementor-element elementor-element-626fdf4e elementor-widget elementor-widget-spacer\" data-id=\"626fdf4e\" data-element_type=\"widget\" data-widget_type=\"spacer.default\">\n\t\t\t\t\t\t\t<div class=\"elementor-spacer\">\n\t\t\t<div class=\"elementor-spacer-inner\"><\/div>\n\t\t<\/div>\n\t\t\t\t\t\t<\/div>\n\t\t\t\t<div class=\"elementor-element elementor-element-3ccad5a5 elementor-widget elementor-widget-counter\" data-id=\"3ccad5a5\" data-element_type=\"widget\" data-widget_type=\"counter.default\">\n\t\t\t\t\t\t\t<div class=\"elementor-counter\">\n\t\t\t\t\t\t<div class=\"elementor-counter-number-wrapper\">\n\t\t\t\t<span class=\"elementor-counter-number-prefix\"><\/span>\n\t\t\t\t<span class=\"elementor-counter-number\" data-duration=\"2000\" data-to-value=\"35\" data-from-value=\"0\" data-delimiter=\",\">0<\/span>\n\t\t\t\t<span class=\"elementor-counter-number-suffix\">M+<\/span>\n\t\t\t<\/div>\n\t\t<\/div>\n\t\t\t\t\t\t<\/div>\n\t\t\t\t<\/div>\n\t\t<div class=\"elementor-element elementor-element-7a2b2917 e-con-full e-flex e-con e-child\" data-id=\"7a2b2917\" data-element_type=\"container\" data-settings=\"{&quot;background_background&quot;:&quot;classic&quot;,&quot;_ha_eqh_enable&quot;:false}\">\n\t\t\t\t<div class=\"elementor-element elementor-element-7fcc400d elementor-widget elementor-widget-spacer\" data-id=\"7fcc400d\" data-element_type=\"widget\" data-widget_type=\"spacer.default\">\n\t\t\t\t\t\t\t<div class=\"elementor-spacer\">\n\t\t\t<div class=\"elementor-spacer-inner\"><\/div>\n\t\t<\/div>\n\t\t\t\t\t\t<\/div>\n\t\t\t\t<\/div>\n\t\t\t\t<\/div>\n\t\t\t\t<\/div>\n\t\t<div class=\"elementor-element elementor-element-4da3d936 e-con-full e-flex e-con e-child\" data-id=\"4da3d936\" data-element_type=\"container\" data-settings=\"{&quot;background_background&quot;:&quot;classic&quot;,&quot;_ha_eqh_enable&quot;:false}\">\n\t\t\t\t<\/div>\n\t\t\t\t<\/div>\n\t\t\t\t<\/div>\n\t\t","protected":false},"excerpt":{"rendered":"<p>Criamos experi\u00eancias digitais modernas, responsivas e que ajudam a sua marca a crescer online. Desde 2003, transformando ideias em sites que vendem Quem Somos Quem \u00e9 a Site House? Fundada em 2003, a Site House nasceu com o objetivo de tornar o design web mais acess\u00edvel, eficaz e centrado no utilizador. Ao longo de duas [&hellip;]<\/p>\n","protected":false},"author":1,"featured_media":0,"parent":0,"menu_order":0,"comment_status":"closed","ping_status":"closed","template":"elementor_header_footer","meta":{"inline_featured_image":false,"footnotes":""},"class_list":["post-23","page","type-page","status-publish","hentry"],"_links":{"self":[{"href":"https:\/\/www.sitehousehost.com.br\/sh\/wp-json\/wp\/v2\/pages\/23","targetHints":{"allow":["GET"]}}],"collection":[{"href":"https:\/\/www.sitehousehost.com.br\/sh\/wp-json\/wp\/v2\/pages"}],"about":[{"href":"https:\/\/www.sitehousehost.com.br\/sh\/wp-json\/wp\/v2\/types\/page"}],"author":[{"embeddable":true,"href":"https:\/\/www.sitehousehost.com.br\/sh\/wp-json\/wp\/v2\/users\/1"}],"replies":[{"embeddable":true,"href":"https:\/\/www.sitehousehost.com.br\/sh\/wp-json\/wp\/v2\/comments?post=23"}],"version-history":[{"count":43,"href":"https:\/\/www.sitehousehost.com.br\/sh\/wp-json\/wp\/v2\/pages\/23\/revisions"}],"predecessor-version":[{"id":264,"href":"https:\/\/www.sitehousehost.com.br\/sh\/wp-json\/wp\/v2\/pages\/23\/revisions\/264"}],"wp:attachment":[{"href":"https:\/\/www.sitehousehost.com.br\/sh\/wp-json\/wp\/v2\/media?parent=23"}],"curies":[{"name":"wp","href":"https:\/\/api.w.org\/{rel}","templated":true}]}}