{"id":64,"date":"2025-08-12T16:21:50","date_gmt":"2025-08-12T16:21:50","guid":{"rendered":"https:\/\/www.sitehousehost.com.br\/sh\/?page_id=64"},"modified":"2025-09-12T18:14:08","modified_gmt":"2025-09-12T18:14:08","slug":"home","status":"publish","type":"page","link":"https:\/\/www.sitehousehost.com.br\/sh\/","title":{"rendered":"Home"},"content":{"rendered":"\t\t<div data-elementor-type=\"wp-page\" data-elementor-id=\"64\" class=\"elementor elementor-64\" data-elementor-settings=\"{&quot;ha_cmc_init_switcher&quot;:&quot;no&quot;}\" data-elementor-post-type=\"page\">\n\t\t\t\t<div class=\"elementor-element elementor-element-5861e3b e-flex e-con-boxed e-con e-parent\" data-id=\"5861e3b\" data-element_type=\"container\" data-settings=\"{&quot;background_background&quot;:&quot;classic&quot;,&quot;_ha_eqh_enable&quot;:false}\">\n\t\t\t\t\t<div class=\"e-con-inner\">\n\t\t<div class=\"elementor-element elementor-element-c2e5e84 e-con-full e-flex e-con e-child\" data-id=\"c2e5e84\" data-element_type=\"container\" data-settings=\"{&quot;_ha_eqh_enable&quot;:false}\">\n\t\t\t\t<div class=\"elementor-element elementor-element-78ee9dc elementor-widget elementor-widget-heading\" data-id=\"78ee9dc\" data-element_type=\"widget\" data-widget_type=\"heading.default\">\n\t\t\t\t\t<h2 class=\"elementor-heading-title elementor-size-default\">Transforme sua presen\u00e7a digital com um site pensado para converter.<\/h2>\t\t\t\t<\/div>\n\t\t\t\t<div class=\"elementor-element elementor-element-f365b58 elementor-widget elementor-widget-text-editor\" data-id=\"f365b58\" data-element_type=\"widget\" data-widget_type=\"text-editor.default\">\n\t\t\t\t\t\t\t\t\t<p>Conhecemos os segredos de projetos bem-sucedidos! <br \/>Saiba mais sobre n\u00f3s para tomar sua decis\u00e3o de coopera\u00e7\u00e3o!<\/p>\t\t\t\t\t\t\t\t<\/div>\n\t\t\t\t<div class=\"elementor-element elementor-element-31984c77 elementor-tablet-align-center elementor-widget elementor-widget-button\" data-id=\"31984c77\" data-element_type=\"widget\" data-widget_type=\"button.default\">\n\t\t\t\t\t\t\t\t\t\t<a class=\"elementor-button elementor-button-link elementor-size-sm\" href=\"#\">\n\t\t\t\t\t\t<span class=\"elementor-button-content-wrapper\">\n\t\t\t\t\t\t<span class=\"elementor-button-icon\">\n\t\t\t\t<i aria-hidden=\"true\" class=\" ti-arrow-top-right\"><\/i>\t\t\t<\/span>\n\t\t\t\t\t\t\t\t\t<span class=\"elementor-button-text\">let's talk<\/span>\n\t\t\t\t\t<\/span>\n\t\t\t\t\t<\/a>\n\t\t\t\t\t\t\t\t<\/div>\n\t\t\t\t<\/div>\n\t\t<div class=\"elementor-element elementor-element-845392e e-con-full e-flex e-con e-child\" data-id=\"845392e\" data-element_type=\"container\" data-settings=\"{&quot;_ha_eqh_enable&quot;:false}\">\n\t\t\t\t<\/div>\n\t\t\t\t\t<\/div>\n\t\t\t\t<\/div>\n\t\t<div class=\"elementor-element elementor-element-5b8f95c e-flex e-con-boxed e-con e-parent\" data-id=\"5b8f95c\" data-element_type=\"container\" data-settings=\"{&quot;background_background&quot;:&quot;classic&quot;,&quot;_ha_eqh_enable&quot;:false}\">\n\t\t\t\t\t<div class=\"e-con-inner\">\n\t\t<div class=\"elementor-element elementor-element-7b53846 e-con-full e-flex e-con e-child\" data-id=\"7b53846\" data-element_type=\"container\" data-settings=\"{&quot;_ha_eqh_enable&quot;:false}\">\n\t\t\t\t<div class=\"elementor-element elementor-element-f0dc686 elementor-widget elementor-widget-ha-text-scroll happy-addon ha-text-scroll\" data-id=\"f0dc686\" data-element_type=\"widget\" data-settings=\"{&quot;text_scroll_type&quot;:&quot;vertical_line_highlight&quot;,&quot;text_scroll_highlight_opacity&quot;:{&quot;unit&quot;:&quot;px&quot;,&quot;size&quot;:0.200000000000000011102230246251565404236316680908203125,&quot;sizes&quot;:[]}}\" data-widget_type=\"ha-text-scroll.default\">\n\t\t\t\t\t\n\t\t<div class=\"ha-split-lines\">\n\t\t\tUma nova maneira de criar um projeto para sua empresa.\t\t<\/div>\n\n\t\t\t\t\t\t<\/div>\n\t\t\t\t<\/div>\n\t\t<div class=\"elementor-element elementor-element-1513540 e-con-full e-flex e-con e-child\" data-id=\"1513540\" data-element_type=\"container\" data-settings=\"{&quot;_ha_eqh_enable&quot;:false}\">\n\t\t\t\t<div class=\"elementor-element elementor-element-fac943a elementor-widget elementor-widget-text-editor\" data-id=\"fac943a\" data-element_type=\"widget\" data-widget_type=\"text-editor.default\">\n\t\t\t\t\t\t\t\t\t<p>Conhecemos os segredos de projetos bem-sucedidos! Saiba mais sobre n\u00f3s para tomar sua decis\u00e3o de coopera\u00e7\u00e3o!<\/p><p>We Impress \u00e9 uma empresa de planejamento de eventos corporativos e reuni\u00f5es. Trabalhamos com empresas de todos os tamanhos, incluindo marcas locais e globais, para planejar e executar reuni\u00f5es e eventos que excedam seus objetivos corporativos. Trabalhamos com voc\u00ea para produzir eventos, incluindo lan\u00e7amentos de produtos, reuni\u00f5es de acionistas, reuni\u00f5es de vendas, confer\u00eancias, eventos experienciais.<\/p>\t\t\t\t\t\t\t\t<\/div>\n\t\t\t\t<div class=\"elementor-element elementor-element-3b4b361 elementor-widget elementor-widget-elementskit-lottie\" data-id=\"3b4b361\" data-element_type=\"widget\" data-widget_type=\"elementskit-lottie.default\">\n\t\t\t\t<div class=\"elementor-widget-container\">\n\t\t\t\t\t<div class=\"ekit-wid-con\" ><div id=\"ekit_lottie_3b4b361\" class=\"ekit_lottie\" data-autoplay=\"true\" data-on-scroll=\"\" data-speed=\"1\" data-direction=\"\" data-action=\"\" data-renderer=\"svg\" data-path=\"\" data-loop=\"true\">&nbsp;<\/div><\/div>\t\t\t\t<\/div>\n\t\t\t\t<\/div>\n\t\t\t\t<\/div>\n\t\t\t\t\t<\/div>\n\t\t\t\t<\/div>\n\t\t<div class=\"elementor-element elementor-element-58ac14d2 e-flex e-con-boxed e-con e-parent\" data-id=\"58ac14d2\" data-element_type=\"container\" data-settings=\"{&quot;background_background&quot;:&quot;classic&quot;,&quot;_ha_eqh_enable&quot;:false}\">\n\t\t\t\t\t<div class=\"e-con-inner\">\n\t\t<div class=\"elementor-element elementor-element-35fe4cc6 e-con-full e-flex e-con e-child\" data-id=\"35fe4cc6\" data-element_type=\"container\" data-settings=\"{&quot;_ha_eqh_enable&quot;:false}\">\n\t\t\t\t<div class=\"elementor-element elementor-element-9cc567e elementor-widget elementor-widget-ha-text-scroll happy-addon ha-text-scroll\" data-id=\"9cc567e\" data-element_type=\"widget\" data-settings=\"{&quot;text_scroll_type&quot;:&quot;vertical_line_highlight&quot;,&quot;text_scroll_highlight_opacity&quot;:{&quot;unit&quot;:&quot;px&quot;,&quot;size&quot;:0.200000000000000011102230246251565404236316680908203125,&quot;sizes&quot;:[]}}\" data-widget_type=\"ha-text-scroll.default\">\n\t\t\t\t\t\n\t\t<div class=\"ha-split-lines\">\n\t\t\tUma nova maneira de criar um projeto para sua empresa.\t\t<\/div>\n\n\t\t\t\t\t\t<\/div>\n\t\t\t\t<div class=\"elementor-element elementor-element-db763ec elementor-tablet-align-center elementor-widget elementor-widget-button\" data-id=\"db763ec\" data-element_type=\"widget\" data-widget_type=\"button.default\">\n\t\t\t\t\t\t\t\t\t\t<a class=\"elementor-button elementor-button-link elementor-size-sm\" href=\"#\">\n\t\t\t\t\t\t<span class=\"elementor-button-content-wrapper\">\n\t\t\t\t\t\t<span class=\"elementor-button-icon\">\n\t\t\t\t<i aria-hidden=\"true\" class=\" ti-arrow-top-right\"><\/i>\t\t\t<\/span>\n\t\t\t\t\t\t\t\t\t<span class=\"elementor-button-text\">let's talk<\/span>\n\t\t\t\t\t<\/span>\n\t\t\t\t\t<\/a>\n\t\t\t\t\t\t\t\t<\/div>\n\t\t\t\t<\/div>\n\t\t<div class=\"elementor-element elementor-element-78460fe9 e-con-full e-flex e-con e-child\" data-id=\"78460fe9\" data-element_type=\"container\" data-settings=\"{&quot;_ha_eqh_enable&quot;:false}\">\n\t\t\t\t<div class=\"elementor-element elementor-element-9b85226 elementor-widget elementor-widget-heading\" data-id=\"9b85226\" data-element_type=\"widget\" data-widget_type=\"heading.default\">\n\t\t\t\t\t<h2 class=\"elementor-heading-title elementor-size-default\">Digi Alfa is a forward-thinking creative digital agency that crafts memorable digital experiences through innovative design and technology. We specialize in branding, identity development, UX\/UI design, and web development.<\/h2>\t\t\t\t<\/div>\n\t\t<div class=\"elementor-element elementor-element-35276a98 e-con-full e-flex e-con e-child\" data-id=\"35276a98\" data-element_type=\"container\" data-settings=\"{&quot;_ha_eqh_enable&quot;:false}\">\n\t\t<div class=\"elementor-element elementor-element-6a594ca9 e-con-full e-flex e-con e-child\" data-id=\"6a594ca9\" data-element_type=\"container\" data-settings=\"{&quot;_ha_eqh_enable&quot;:false}\">\n\t\t\t\t<div class=\"elementor-element elementor-element-747a0355 elementor-widget elementor-widget-text-editor\" data-id=\"747a0355\" data-element_type=\"widget\" data-widget_type=\"text-editor.default\">\n\t\t\t\t\t\t\t\t\t<p>We craft bespoke digital experiences for businesses, corporations, and dynamic startups, blending innovation with intuitive design to help brands Stand out in the digital landscape.<\/p>\t\t\t\t\t\t\t\t<\/div>\n\t\t\t\t<\/div>\n\t\t<div class=\"elementor-element elementor-element-45c29c89 e-con-full e-flex e-con e-child\" data-id=\"45c29c89\" data-element_type=\"container\" data-settings=\"{&quot;_ha_eqh_enable&quot;:false}\">\n\t\t\t\t<div class=\"elementor-element elementor-element-51130f6c elementor-widget elementor-widget-text-editor\" data-id=\"51130f6c\" data-element_type=\"widget\" data-widget_type=\"text-editor.default\">\n\t\t\t\t\t\t\t\t\t<p>Our expertise lies in creating visually striking, user-centered solutions that drive engagement and growth. At kanik, we are passionate about helping brands differentiate themselves.<\/p>\t\t\t\t\t\t\t\t<\/div>\n\t\t\t\t<\/div>\n\t\t\t\t<\/div>\n\t\t\t\t<\/div>\n\t\t\t\t\t<\/div>\n\t\t\t\t<\/div>\n\t\t<div class=\"elementor-element elementor-element-1b38e15 e-flex e-con-boxed e-con e-parent\" data-id=\"1b38e15\" data-element_type=\"container\" data-settings=\"{&quot;_ha_eqh_enable&quot;:false}\">\n\t\t\t\t\t<div class=\"e-con-inner\">\n\t\t\t\t<div class=\"elementor-element elementor-element-60993b6d elementor-widget elementor-widget-elementskit-heading\" data-id=\"60993b6d\" data-element_type=\"widget\" data-widget_type=\"elementskit-heading.default\">\n\t\t\t\t\t<div class=\"ekit-wid-con\" ><div class=\"ekit-heading elementskit-section-title-wraper text_center   ekit_heading_tablet-   ekit_heading_mobile-\"><h2 class=\"ekit-heading--title elementskit-section-title \">Conhe\u00e7a um pouco dos nossos <span><span>trabalhos <\/span><\/span> <\/h2><\/div><\/div>\t\t\t\t<\/div>\n\t\t\t\t<div class=\"elementor-element elementor-element-2b480131 elementor-widget elementor-widget-text-editor\" data-id=\"2b480131\" data-element_type=\"widget\" data-widget_type=\"text-editor.default\">\n\t\t\t\t\t\t\t\t\t<p>Lorem ipsum dolor sit amet, consectetur adipiscing elit, sed do eiusmod tempor incididunt ut labore et dolore magna aliqua<\/p>\t\t\t\t\t\t\t\t<\/div>\n\t\t\t\t<div class=\"elementor-element elementor-element-4832591 elementor-tablet-align-center elementor-align-center elementor-widget elementor-widget-button\" data-id=\"4832591\" data-element_type=\"widget\" data-widget_type=\"button.default\">\n\t\t\t\t\t\t\t\t\t\t<a class=\"elementor-button elementor-button-link elementor-size-sm\" href=\"#\">\n\t\t\t\t\t\t<span class=\"elementor-button-content-wrapper\">\n\t\t\t\t\t\t<span class=\"elementor-button-icon\">\n\t\t\t\t<i aria-hidden=\"true\" class=\" ti-arrow-top-right\"><\/i>\t\t\t<\/span>\n\t\t\t\t\t\t\t\t\t<span class=\"elementor-button-text\">VER MAIS<\/span>\n\t\t\t\t\t<\/span>\n\t\t\t\t\t<\/a>\n\t\t\t\t\t\t\t\t<\/div>\n\t\t\t\t\t<\/div>\n\t\t\t\t<\/div>\n\t\t<div class=\"elementor-element elementor-element-0269bdc e-flex e-con-boxed e-con e-parent\" data-id=\"0269bdc\" data-element_type=\"container\" data-settings=\"{&quot;background_background&quot;:&quot;classic&quot;,&quot;_ha_eqh_enable&quot;:false}\">\n\t\t\t\t\t<div class=\"e-con-inner\">\n\t\t\t\t\t<\/div>\n\t\t\t\t<\/div>\n\t\t<div class=\"elementor-element elementor-element-b67bc8b e-flex e-con-boxed e-con e-parent\" data-id=\"b67bc8b\" data-element_type=\"container\" data-settings=\"{&quot;background_background&quot;:&quot;gradient&quot;,&quot;_ha_eqh_enable&quot;:false}\">\n\t\t\t\t\t<div class=\"e-con-inner\">\n\t\t\t\t\t<\/div>\n\t\t\t\t<\/div>\n\t\t<div class=\"elementor-element elementor-element-c1b6199 e-flex e-con-boxed e-con e-parent\" data-id=\"c1b6199\" data-element_type=\"container\" data-settings=\"{&quot;background_background&quot;:&quot;classic&quot;,&quot;_ha_eqh_enable&quot;:false}\">\n\t\t\t\t\t<div class=\"e-con-inner\">\n\t\t<div class=\"elementor-element elementor-element-887ff37 e-con-full e-flex e-con e-child\" data-id=\"887ff37\" data-element_type=\"container\" data-settings=\"{&quot;_ha_eqh_enable&quot;:false}\">\n\t\t\t\t<div class=\"elementor-element elementor-element-a73049b elementor-widget elementor-widget-counter\" data-id=\"a73049b\" data-element_type=\"widget\" data-widget_type=\"counter.default\">\n\t\t\t\t\t\t\t<div class=\"elementor-counter\">\n\t\t\t<div class=\"elementor-counter-title\">Anos de Experi\u00eancia<\/div>\t\t\t<div class=\"elementor-counter-number-wrapper\">\n\t\t\t\t<span class=\"elementor-counter-number-prefix\"><\/span>\n\t\t\t\t<span class=\"elementor-counter-number\" data-duration=\"2000\" data-to-value=\"20\" data-from-value=\"0\" data-delimiter=\",\">0<\/span>\n\t\t\t\t<span class=\"elementor-counter-number-suffix\">+<\/span>\n\t\t\t<\/div>\n\t\t<\/div>\n\t\t\t\t\t\t<\/div>\n\t\t\t\t<\/div>\n\t\t<div class=\"elementor-element elementor-element-f2743c0 e-con-full e-flex e-con e-child\" data-id=\"f2743c0\" data-element_type=\"container\" data-settings=\"{&quot;_ha_eqh_enable&quot;:false}\">\n\t\t\t\t<div class=\"elementor-element elementor-element-ca30049 elementor-widget elementor-widget-counter\" data-id=\"ca30049\" data-element_type=\"widget\" data-widget_type=\"counter.default\">\n\t\t\t\t\t\t\t<div class=\"elementor-counter\">\n\t\t\t<div class=\"elementor-counter-title\">Sites Desenvolvidos<\/div>\t\t\t<div class=\"elementor-counter-number-wrapper\">\n\t\t\t\t<span class=\"elementor-counter-number-prefix\"><\/span>\n\t\t\t\t<span class=\"elementor-counter-number\" data-duration=\"2000\" data-to-value=\"300\" data-from-value=\"0\" data-delimiter=\",\">0<\/span>\n\t\t\t\t<span class=\"elementor-counter-number-suffix\">+<\/span>\n\t\t\t<\/div>\n\t\t<\/div>\n\t\t\t\t\t\t<\/div>\n\t\t\t\t<\/div>\n\t\t<div class=\"elementor-element elementor-element-428769e e-con-full e-flex e-con e-child\" data-id=\"428769e\" data-element_type=\"container\" data-settings=\"{&quot;_ha_eqh_enable&quot;:false}\">\n\t\t\t\t<div class=\"elementor-element elementor-element-b2f0f90 elementor-widget__width-initial elementor-widget elementor-widget-elementskit-lottie\" data-id=\"b2f0f90\" data-element_type=\"widget\" data-widget_type=\"elementskit-lottie.default\">\n\t\t\t\t<div class=\"elementor-widget-container\">\n\t\t\t\t\t<div class=\"ekit-wid-con\" ><div id=\"ekit_lottie_b2f0f90\" class=\"ekit_lottie\" data-autoplay=\"true\" data-on-scroll=\"\" data-speed=\"0.4\" data-direction=\"\" data-action=\"\" data-renderer=\"svg\" data-path=\"https:\/\/www.sitehousehost.com.br\/sh\/wp-content\/uploads\/2025\/09\/infinito.json\" data-loop=\"true\">&nbsp;<\/div><\/div>\t\t\t\t<\/div>\n\t\t\t\t<\/div>\n\t\t\t\t<div class=\"elementor-element elementor-element-7990c31 elementor-widget elementor-widget-text-editor\" data-id=\"7990c31\" data-element_type=\"widget\" data-widget_type=\"text-editor.default\">\n\t\t\t\t\t\t\t\t\t<p>Infinitas Possibilidades<\/p>\t\t\t\t\t\t\t\t<\/div>\n\t\t\t\t<\/div>\n\t\t\t\t\t<\/div>\n\t\t\t\t<\/div>\n\t\t<div class=\"elementor-element elementor-element-5fd612f e-flex e-con-boxed e-con e-parent\" data-id=\"5fd612f\" data-element_type=\"container\" data-settings=\"{&quot;_ha_eqh_enable&quot;:false}\">\n\t\t\t\t\t<div class=\"e-con-inner\">\n\t\t\t\t<div class=\"elementor-element elementor-element-91c4845 elementor-widget elementor-widget-text-editor\" data-id=\"91c4845\" data-element_type=\"widget\" data-widget_type=\"text-editor.default\">\n\t\t\t\t\t\t\t\t\t<p>Transforme sua presen\u00e7a digital com um site pensado para converter. Criamos experi\u00eancias online que encantam clientes e fortalecem marcas.<br \/>Interesse (valor imediato) \ud83d\udca1<\/p><p>Sites em WordPress e lojas WooCommerce otimizadas para performance e SEO.<br \/>Hospedagem dedicada de alta performance para sites r\u00e1pidos e est\u00e1veis.<br \/>Gest\u00e3o de redes sociais e campanhas de Google Ads que atraem tr\u00e1fego qualificado.<br \/>Branding completo: logo, papelaria e manual de marca para identidade s\u00f3lida.<br \/>Desenvolvimento de aplicativos sob medida que conectam clientes e neg\u00f3cios.<br \/>Diferenciais (por que escolher a Site House) \u2728<\/p><p>Entrega focada em resultados: design estrat\u00e9gico + tecnologia.<br \/>Hospedagem dedicada com monitoramento 24\/7 e suporte \u00e1gil.<br \/>Equipe multidisciplinar: designers, devs, estrategistas de marketing.<br \/>Processos claros: prototipa\u00e7\u00e3o, aprova\u00e7\u00e3o e treinamento para autonomia.<br \/>Integra\u00e7\u00e3o de WooCommerce, pagamentos e automa\u00e7\u00f5es.<br \/>Desejo (prova social + benef\u00edcios) \u2764\ufe0f<\/p><p>Aumente convers\u00f5es com um site em WordPress otimizado.<br \/>Reduza tempo de inatividade com hospedagem dedicada.<br \/>Ganhe visibilidade com gest\u00e3o de redes sociais e campanhas de Google Ads.<br \/>Construa autoridade com branding profissional e identidade visual consistente.<br \/>Escale com aplicativos sob medida que resolvem problemas reais.<br \/>A\u00e7\u00e3o (CTA) \ud83d\udc49<\/p><p>Comece agora: Solicite um or\u00e7amento gratuito<br \/>Ver portf\u00f3lio<br \/>Fale com um especialista<\/p>\t\t\t\t\t\t\t\t<\/div>\n\t\t\t\t\t<\/div>\n\t\t\t\t<\/div>\n\t\t\t\t<\/div>\n\t\t","protected":false},"excerpt":{"rendered":"<p>Transforme sua presen\u00e7a digital com um site pensado para converter. Conhecemos os segredos de projetos bem-sucedidos! Saiba mais sobre n\u00f3s para tomar sua decis\u00e3o de coopera\u00e7\u00e3o! let&#8217;s talk Uma nova maneira de criar um projeto para sua empresa. Conhecemos os segredos de projetos bem-sucedidos! Saiba mais sobre n\u00f3s para tomar sua decis\u00e3o de coopera\u00e7\u00e3o! We [&hellip;]<\/p>\n","protected":false},"author":1,"featured_media":0,"parent":0,"menu_order":0,"comment_status":"closed","ping_status":"closed","template":"elementor_header_footer","meta":{"inline_featured_image":false,"footnotes":""},"class_list":["post-64","page","type-page","status-publish","hentry"],"_links":{"self":[{"href":"https:\/\/www.sitehousehost.com.br\/sh\/wp-json\/wp\/v2\/pages\/64","targetHints":{"allow":["GET"]}}],"collection":[{"href":"https:\/\/www.sitehousehost.com.br\/sh\/wp-json\/wp\/v2\/pages"}],"about":[{"href":"https:\/\/www.sitehousehost.com.br\/sh\/wp-json\/wp\/v2\/types\/page"}],"author":[{"embeddable":true,"href":"https:\/\/www.sitehousehost.com.br\/sh\/wp-json\/wp\/v2\/users\/1"}],"replies":[{"embeddable":true,"href":"https:\/\/www.sitehousehost.com.br\/sh\/wp-json\/wp\/v2\/comments?post=64"}],"version-history":[{"count":64,"href":"https:\/\/www.sitehousehost.com.br\/sh\/wp-json\/wp\/v2\/pages\/64\/revisions"}],"predecessor-version":[{"id":231,"href":"https:\/\/www.sitehousehost.com.br\/sh\/wp-json\/wp\/v2\/pages\/64\/revisions\/231"}],"wp:attachment":[{"href":"https:\/\/www.sitehousehost.com.br\/sh\/wp-json\/wp\/v2\/media?parent=64"}],"curies":[{"name":"wp","href":"https:\/\/api.w.org\/{rel}","templated":true}]}}